{"id":7195,"date":"2024-05-03T11:33:53","date_gmt":"2024-05-03T11:33:53","guid":{"rendered":"https:\/\/dralibadarni.lilacmarketing.me\/?page_id=7195"},"modified":"2024-12-26T07:27:07","modified_gmt":"2024-12-26T07:27:07","slug":"cart","status":"publish","type":"page","link":"https:\/\/dralibadarni.lilacmarketing.me\/en\/cart\/","title":{"rendered":"Cart"},"content":{"rendered":"\n<div data-block-name=\"woocommerce\/cart\" class=\"wp-block-woocommerce-cart alignwide is-loading wc-block-cart\">\n<div data-block-name=\"woocommerce\/filled-cart-block\" class=\"wp-block-woocommerce-filled-cart-block\">\n<div data-block-name=\"woocommerce\/cart-items-block\" class=\"wp-block-woocommerce-cart-items-block\">\n<div data-block-name=\"woocommerce\/cart-line-items-block\" class=\"wp-block-woocommerce-cart-line-items-block\"><\/div>\n<\/div>\n\n\n\n<div data-block-name=\"woocommerce\/cart-totals-block\" class=\"wp-block-woocommerce-cart-totals-block\">\n<div data-block-name=\"woocommerce\/cart-order-summary-block\" class=\"wp-block-woocommerce-cart-order-summary-block\">\n<div data-block-name=\"woocommerce\/cart-order-summary-heading-block\" class=\"wp-block-woocommerce-cart-order-summary-heading-block\"><\/div>\n\n\n\n<div data-block-name=\"woocommerce\/cart-order-summary-coupon-form-block\" class=\"wp-block-woocommerce-cart-order-summary-coupon-form-block\"><\/div>\n\n\n\n<div data-block-name=\"woocommerce\/cart-order-summary-totals-block\" class=\"wp-block-woocommerce-cart-order-summary-totals-block\">\n<div data-block-name=\"woocommerce\/cart-order-summary-subtotal-block\" class=\"wp-block-woocommerce-cart-order-summary-subtotal-block\"><\/div>\n\n\n\n<div data-block-name=\"woocommerce\/cart-order-summary-fee-block\" class=\"wp-block-woocommerce-cart-order-summary-fee-block\"><\/div>\n\n\n\n<div data-block-name=\"woocommerce\/cart-order-summary-discount-block\" class=\"wp-block-woocommerce-cart-order-summary-discount-block\"><\/div>\n\n\n\n<div data-block-name=\"woocommerce\/cart-order-summary-shipping-block\" class=\"wp-block-woocommerce-cart-order-summary-shipping-block\"><\/div>\n\n\n\n<div data-block-name=\"woocommerce\/cart-order-summary-taxes-block\" class=\"wp-block-woocommerce-cart-order-summary-taxes-block\"><\/div>\n<\/div>\n<\/div>\n\n\n\n<div data-block-name=\"woocommerce\/cart-express-payment-block\" class=\"wp-block-woocommerce-cart-express-payment-block\"><\/div>\n\n\n\n<div data-block-name=\"woocommerce\/proceed-to-checkout-block\" class=\"wp-block-woocommerce-proceed-to-checkout-block\"><\/div>\n\n\n\n<div data-block-name=\"woocommerce\/cart-accepted-payment-methods-block\" class=\"wp-block-woocommerce-cart-accepted-payment-methods-block\"><\/div>\n<\/div>\n<\/div>\n\n\n\n<div data-block-name=\"woocommerce\/empty-cart-block\" class=\"wp-block-woocommerce-empty-cart-block\">\n<h2 class=\"wp-block-heading has-text-align-center with-empty-cart-icon wc-block-cart__empty-cart__title\">Your cart is currently empty!<\/h2>\n\n\n\n<p class=\"has-text-align-center\"><a href=\"https:\/\/dralibadarni.lilacmarketing.me\/shop\/\">Browse store<\/a><\/p>\n\n\n\n<hr class=\"wp-block-separator has-alpha-channel-opacity is-style-dots\"\/>\n\n\n\n<h2 class=\"wp-block-heading has-text-align-center\">New in store<\/h2>\n\n\n<div data-block-name=\"woocommerce\/product-new\" data-columns=\"4\" data-rows=\"1\" class=\"wc-block-grid wp-block-product-new wp-block-woocommerce-product-new wc-block-product-new has-4-columns\"><ul class=\"wc-block-grid__products\"><li class=\"wc-block-grid__product\">\n\t\t\t\t<a href=\"https:\/\/dralibadarni.lilacmarketing.me\/product\/%d8%a7%d9%84%d9%86%d9%8a%d8%b1%d9%88%d8%b3%d9%8a%d9%83%d9%88%d9%84%d9%88%d8%ac%d9%8a%d8%a7-%d9%88%d8%a7%d9%84%d8%ab%d9%82%d8%a7%d9%81%d8%a9-%d9%88%d8%a7%d9%84%d8%b9%d8%b3%d8%b1-%d8%a7%d9%84%d8%aa\/\" class=\"wc-block-grid__product-link\">\n\t\t\t\t\t\n\t\t\t\t\t<div class=\"wc-block-grid__product-image\"><img fetchpriority=\"high\" decoding=\"async\" width=\"300\" height=\"300\" src=\"https:\/\/dralibadarni.lilacmarketing.me\/wp-content\/uploads\/2024\/06\/book2-300x300.jpg\" class=\"attachment-woocommerce_thumbnail size-woocommerce_thumbnail\" alt=\"\u00d8\u00a7\u00d9\u201e\u00d9\u2020\u00d9\u0160\u00d8\u00b1\u00d9\u02c6\u00d8\u00b3\u00d9\u0160\u00d9\u0192\u00d9\u02c6\u00d9\u201e\u00d9\u02c6\u00d8\u00ac\u00d9\u0160\u00d8\u00a7 \u00d9\u02c6\u00d8\u00a7\u00d9\u201e\u00d8\u00ab\u00d9\u201a\u00d8\u00a7\u00d9\u0081\u00d8\u00a9 \u00d9\u02c6\u00d8\u00a7\u00d9\u201e\u00d8\u00b9\u00d8\u00b3\u00d8\u00b1 \u00d8\u00a7\u00d9\u201e\u00d8\u00aa\u00d8\u00b9\u00d9\u201e\u00d9\u2018\u00d9\u2026\u00d9\u0160\" srcset=\"https:\/\/dralibadarni.lilacmarketing.me\/wp-content\/uploads\/2024\/06\/book2-300x300.jpg 300w, https:\/\/dralibadarni.lilacmarketing.me\/wp-content\/uploads\/2024\/06\/book2-150x150.jpg 150w, https:\/\/dralibadarni.lilacmarketing.me\/wp-content\/uploads\/2024\/06\/book2-800x800.jpg 800w, https:\/\/dralibadarni.lilacmarketing.me\/wp-content\/uploads\/2024\/06\/book2-75x75.jpg 75w, https:\/\/dralibadarni.lilacmarketing.me\/wp-content\/uploads\/2024\/06\/book2-129x129.jpg 129w, https:\/\/dralibadarni.lilacmarketing.me\/wp-content\/uploads\/2024\/06\/book2-69x69.jpg 69w, https:\/\/dralibadarni.lilacmarketing.me\/wp-content\/uploads\/2024\/06\/book2-100x100.jpg 100w\" sizes=\"(max-width: 300px) 100vw, 300px\" \/><\/div>\n\t\t\t\t\t<div class=\"wc-block-grid__product-title\">\u00d8\u00a7\u00d9\u201e\u00d9\u2020\u00d9\u0160\u00d8\u00b1\u00d9\u02c6\u00d8\u00b3\u00d9\u0160\u00d9\u0192\u00d9\u02c6\u00d9\u201e\u00d9\u02c6\u00d8\u00ac\u00d9\u0160\u00d8\u00a7 \u00d9\u02c6\u00d8\u00a7\u00d9\u201e\u00d8\u00ab\u00d9\u201a\u00d8\u00a7\u00d9\u0081\u00d8\u00a9 \u00d9\u02c6\u00d8\u00a7\u00d9\u201e\u00d8\u00b9\u00d8\u00b3\u00d8\u00b1 \u00d8\u00a7\u00d9\u201e\u00d8\u00aa\u00d8\u00b9\u00d9\u201e\u00d9\u2018\u00d9\u2026\u00d9\u0160<\/div>\n\t\t\t\t<\/a>\n\t\t\t\t<div class=\"wc-block-grid__product-price price\"><span class=\"woocommerce-Price-amount amount\"><span class=\"woocommerce-Price-currencySymbol\">&#036;<\/span>9,90<\/span><\/div>\n\t\t\t\t\n\t\t\t\t<div class=\"wp-block-button wc-block-grid__product-add-to-cart\"><a href=\"\/en\/wp-json\/wp\/v2\/pages\/7195?add-to-cart=6349\" aria-label=\"Add to cart: &ldquo;\u00d8\u00a7\u00d9\u201e\u00d9\u2020\u00d9\u0160\u00d8\u00b1\u00d9\u02c6\u00d8\u00b3\u00d9\u0160\u00d9\u0192\u00d9\u02c6\u00d9\u201e\u00d9\u02c6\u00d8\u00ac\u00d9\u0160\u00d8\u00a7 \u00d9\u02c6\u00d8\u00a7\u00d9\u201e\u00d8\u00ab\u00d9\u201a\u00d8\u00a7\u00d9\u0081\u00d8\u00a9 \u00d9\u02c6\u00d8\u00a7\u00d9\u201e\u00d8\u00b9\u00d8\u00b3\u00d8\u00b1 \u00d8\u00a7\u00d9\u201e\u00d8\u00aa\u00d8\u00b9\u00d9\u201e\u00d9\u2018\u00d9\u2026\u00d9\u0160&rdquo;\" data-quantity=\"1\" data-product_id=\"6349\" data-product_sku=\"\" data-price=\"9.9\" rel=\"nofollow\" class=\"wp-block-button__link  add_to_cart_button ajax_add_to_cart\">Add to cart<\/a><\/div>\n\t\t\t<\/li><li class=\"wc-block-grid__product\">\n\t\t\t\t<a href=\"https:\/\/dralibadarni.lilacmarketing.me\/product\/%d9%81%d9%8a-%d8%a7%d9%84%d8%ae%d9%88%d9%81-%d9%85%d9%86-%d8%a7%d9%84%d8%ad%d9%8a%d8%a7%d8%a9%d8%8c-%d8%ad%d9%8a%d8%a7%d8%a9\/\" class=\"wc-block-grid__product-link\">\n\t\t\t\t\t\n\t\t\t\t\t<div class=\"wc-block-grid__product-image\"><img decoding=\"async\" width=\"300\" height=\"300\" src=\"https:\/\/dralibadarni.lilacmarketing.me\/wp-content\/uploads\/2024\/06\/book1-300x300.jpg\" class=\"attachment-woocommerce_thumbnail size-woocommerce_thumbnail\" alt=\"\u00d9\u0081\u00d9\u0160 \u00d8\u00a7\u00d9\u201e\u00d8\u00ae\u00d9\u02c6\u00d9\u0081 \u00d9\u2026\u00d9\u2020 \u00d8\u00a7\u00d9\u201e\u00d8\u00ad\u00d9\u0160\u00d8\u00a7\u00d8\u00a9\u00d8\u0152 \u00d8\u00ad\u00d9\u0160\u00d8\u00a7\u00d8\u00a9\" srcset=\"https:\/\/dralibadarni.lilacmarketing.me\/wp-content\/uploads\/2024\/06\/book1-300x300.jpg 300w, https:\/\/dralibadarni.lilacmarketing.me\/wp-content\/uploads\/2024\/06\/book1-150x150.jpg 150w, https:\/\/dralibadarni.lilacmarketing.me\/wp-content\/uploads\/2024\/06\/book1-800x800.jpg 800w, https:\/\/dralibadarni.lilacmarketing.me\/wp-content\/uploads\/2024\/06\/book1-75x75.jpg 75w, https:\/\/dralibadarni.lilacmarketing.me\/wp-content\/uploads\/2024\/06\/book1-129x129.jpg 129w, https:\/\/dralibadarni.lilacmarketing.me\/wp-content\/uploads\/2024\/06\/book1-69x69.jpg 69w, https:\/\/dralibadarni.lilacmarketing.me\/wp-content\/uploads\/2024\/06\/book1-100x100.jpg 100w\" sizes=\"(max-width: 300px) 100vw, 300px\" \/><\/div>\n\t\t\t\t\t<div class=\"wc-block-grid__product-title\">\u00d9\u0081\u00d9\u0160 \u00d8\u00a7\u00d9\u201e\u00d8\u00ae\u00d9\u02c6\u00d9\u0081 \u00d9\u2026\u00d9\u2020 \u00d8\u00a7\u00d9\u201e\u00d8\u00ad\u00d9\u0160\u00d8\u00a7\u00d8\u00a9\u00d8\u0152 \u00d8\u00ad\u00d9\u0160\u00d8\u00a7\u00d8\u00a9<\/div>\n\t\t\t\t<\/a>\n\t\t\t\t<div class=\"wc-block-grid__product-price price\"><span class=\"woocommerce-Price-amount amount\"><span class=\"woocommerce-Price-currencySymbol\">&#036;<\/span>9,90<\/span><\/div>\n\t\t\t\t\n\t\t\t\t<div class=\"wp-block-button wc-block-grid__product-add-to-cart\"><a href=\"\/en\/wp-json\/wp\/v2\/pages\/7195?add-to-cart=6347\" aria-label=\"Add to cart: &ldquo;\u00d9\u0081\u00d9\u0160 \u00d8\u00a7\u00d9\u201e\u00d8\u00ae\u00d9\u02c6\u00d9\u0081 \u00d9\u2026\u00d9\u2020 \u00d8\u00a7\u00d9\u201e\u00d8\u00ad\u00d9\u0160\u00d8\u00a7\u00d8\u00a9\u00d8\u0152 \u00d8\u00ad\u00d9\u0160\u00d8\u00a7\u00d8\u00a9&rdquo;\" data-quantity=\"1\" data-product_id=\"6347\" data-product_sku=\"\" data-price=\"9.9\" rel=\"nofollow\" class=\"wp-block-button__link  add_to_cart_button ajax_add_to_cart\">Add to cart<\/a><\/div>\n\t\t\t<\/li><\/ul><\/div><\/div>\n<\/div>\n","protected":false},"excerpt":{"rendered":"","protected":false},"author":9,"featured_media":0,"parent":0,"menu_order":0,"comment_status":"closed","ping_status":"closed","template":"","meta":{"footnotes":""},"class_list":["post-7195","page","type-page","status-publish","hentry"],"_links":{"self":[{"href":"https:\/\/dralibadarni.lilacmarketing.me\/en\/wp-json\/wp\/v2\/pages\/7195","targetHints":{"allow":["GET"]}}],"collection":[{"href":"https:\/\/dralibadarni.lilacmarketing.me\/en\/wp-json\/wp\/v2\/pages"}],"about":[{"href":"https:\/\/dralibadarni.lilacmarketing.me\/en\/wp-json\/wp\/v2\/types\/page"}],"author":[{"embeddable":true,"href":"https:\/\/dralibadarni.lilacmarketing.me\/en\/wp-json\/wp\/v2\/users\/9"}],"replies":[{"embeddable":true,"href":"https:\/\/dralibadarni.lilacmarketing.me\/en\/wp-json\/wp\/v2\/comments?post=7195"}],"version-history":[{"count":3,"href":"https:\/\/dralibadarni.lilacmarketing.me\/en\/wp-json\/wp\/v2\/pages\/7195\/revisions"}],"predecessor-version":[{"id":7413,"href":"https:\/\/dralibadarni.lilacmarketing.me\/en\/wp-json\/wp\/v2\/pages\/7195\/revisions\/7413"}],"wp:attachment":[{"href":"https:\/\/dralibadarni.lilacmarketing.me\/en\/wp-json\/wp\/v2\/media?parent=7195"}],"curies":[{"name":"wp","href":"https:\/\/api.w.org\/{rel}","templated":true}]}}